{"id":124,"date":"2026-04-22T11:41:28","date_gmt":"2026-04-22T11:41:28","guid":{"rendered":"https:\/\/2026sitedev.kimmokaivantofoundation.com\/?page_id=124"},"modified":"2026-04-22T11:41:28","modified_gmt":"2026-04-22T11:41:28","slug":"veistoksia","status":"publish","type":"page","link":"https:\/\/2026sitedev.kimmokaivantofoundation.com\/?page_id=124","title":{"rendered":"Veistoksia"},"content":{"rendered":"\n<figure class=\"wp-block-gallery has-nested-images columns-default is-cropped wp-block-gallery-1 is-layout-flex wp-block-gallery-is-layout-flex\">\n<figure class=\"wp-block-image size-large\"><img loading=\"lazy\" decoding=\"async\" width=\"546\" height=\"730\" data-id=\"131\" src=\"https:\/\/2026sitedev.kimmokaivantofoundation.com\/wp-content\/uploads\/2026\/04\/Muusan-kumarrus-1988-pronssi-ja-puu-50-x-46-x-75-cm.-Kimmo-Kaivanto-saatio.-Kuva-Seppo-Hilpo.jpg\" alt=\"\" class=\"wp-image-131\" srcset=\"https:\/\/2026sitedev.kimmokaivantofoundation.com\/wp-content\/uploads\/2026\/04\/Muusan-kumarrus-1988-pronssi-ja-puu-50-x-46-x-75-cm.-Kimmo-Kaivanto-saatio.-Kuva-Seppo-Hilpo.jpg 546w, https:\/\/2026sitedev.kimmokaivantofoundation.com\/wp-content\/uploads\/2026\/04\/Muusan-kumarrus-1988-pronssi-ja-puu-50-x-46-x-75-cm.-Kimmo-Kaivanto-saatio.-Kuva-Seppo-Hilpo-224x300.jpg 224w\" sizes=\"auto, (max-width: 546px) 100vw, 546px\" \/><\/figure>\n\n\n\n<figure class=\"wp-block-image size-large\"><img loading=\"lazy\" decoding=\"async\" width=\"1024\" height=\"565\" data-id=\"130\" src=\"https:\/\/2026sitedev.kimmokaivantofoundation.com\/wp-content\/uploads\/2026\/04\/Eras-kokemani-tragedia-1969-1989-pronssi-ja-piikkipensas-20-x-53-x-15-cm.-Kimmo-Kaivanto-saatio.-Kuva-Kimmo-Koskela-1024x565.jpg\" alt=\"\" class=\"wp-image-130\" srcset=\"https:\/\/2026sitedev.kimmokaivantofoundation.com\/wp-content\/uploads\/2026\/04\/Eras-kokemani-tragedia-1969-1989-pronssi-ja-piikkipensas-20-x-53-x-15-cm.-Kimmo-Kaivanto-saatio.-Kuva-Kimmo-Koskela-1024x565.jpg 1024w, https:\/\/2026sitedev.kimmokaivantofoundation.com\/wp-content\/uploads\/2026\/04\/Eras-kokemani-tragedia-1969-1989-pronssi-ja-piikkipensas-20-x-53-x-15-cm.-Kimmo-Kaivanto-saatio.-Kuva-Kimmo-Koskela-300x166.jpg 300w, https:\/\/2026sitedev.kimmokaivantofoundation.com\/wp-content\/uploads\/2026\/04\/Eras-kokemani-tragedia-1969-1989-pronssi-ja-piikkipensas-20-x-53-x-15-cm.-Kimmo-Kaivanto-saatio.-Kuva-Kimmo-Koskela-768x424.jpg 768w, https:\/\/2026sitedev.kimmokaivantofoundation.com\/wp-content\/uploads\/2026\/04\/Eras-kokemani-tragedia-1969-1989-pronssi-ja-piikkipensas-20-x-53-x-15-cm.-Kimmo-Kaivanto-saatio.-Kuva-Kimmo-Koskela.jpg 1334w\" sizes=\"auto, (max-width: 1024px) 100vw, 1024px\" \/><\/figure>\n\n\n\n<figure class=\"wp-block-image size-large\"><img loading=\"lazy\" decoding=\"async\" width=\"598\" height=\"736\" data-id=\"129\" src=\"https:\/\/2026sitedev.kimmokaivantofoundation.com\/wp-content\/uploads\/2026\/04\/J.-J.-Rousseaun-hansikas-1973-pronssi-korkeus-95-cm.-Kimmo-Kaivanto-saatio.-Kuva-Lasse-Koivunen.jpg\" alt=\"\" class=\"wp-image-129\" srcset=\"https:\/\/2026sitedev.kimmokaivantofoundation.com\/wp-content\/uploads\/2026\/04\/J.-J.-Rousseaun-hansikas-1973-pronssi-korkeus-95-cm.-Kimmo-Kaivanto-saatio.-Kuva-Lasse-Koivunen.jpg 598w, https:\/\/2026sitedev.kimmokaivantofoundation.com\/wp-content\/uploads\/2026\/04\/J.-J.-Rousseaun-hansikas-1973-pronssi-korkeus-95-cm.-Kimmo-Kaivanto-saatio.-Kuva-Lasse-Koivunen-244x300.jpg 244w\" sizes=\"auto, (max-width: 598px) 100vw, 598px\" \/><\/figure>\n\n\n\n<figure class=\"wp-block-image size-large\"><img loading=\"lazy\" decoding=\"async\" width=\"1024\" height=\"530\" data-id=\"132\" src=\"https:\/\/2026sitedev.kimmokaivantofoundation.com\/wp-content\/uploads\/2026\/04\/Kylmaa-sotaa-1973-nikkeloity-pronssi-25-x-80-x-30-cm.-Kimmo-Kaivanto-saatio.-Kuva-Kimmo-Koskela-1024x530.jpg\" alt=\"\" class=\"wp-image-132\" srcset=\"https:\/\/2026sitedev.kimmokaivantofoundation.com\/wp-content\/uploads\/2026\/04\/Kylmaa-sotaa-1973-nikkeloity-pronssi-25-x-80-x-30-cm.-Kimmo-Kaivanto-saatio.-Kuva-Kimmo-Koskela-1024x530.jpg 1024w, https:\/\/2026sitedev.kimmokaivantofoundation.com\/wp-content\/uploads\/2026\/04\/Kylmaa-sotaa-1973-nikkeloity-pronssi-25-x-80-x-30-cm.-Kimmo-Kaivanto-saatio.-Kuva-Kimmo-Koskela-300x155.jpg 300w, https:\/\/2026sitedev.kimmokaivantofoundation.com\/wp-content\/uploads\/2026\/04\/Kylmaa-sotaa-1973-nikkeloity-pronssi-25-x-80-x-30-cm.-Kimmo-Kaivanto-saatio.-Kuva-Kimmo-Koskela-768x397.jpg 768w, https:\/\/2026sitedev.kimmokaivantofoundation.com\/wp-content\/uploads\/2026\/04\/Kylmaa-sotaa-1973-nikkeloity-pronssi-25-x-80-x-30-cm.-Kimmo-Kaivanto-saatio.-Kuva-Kimmo-Koskela.jpg 1423w\" sizes=\"auto, (max-width: 1024px) 100vw, 1024px\" \/><\/figure>\n\n\n\n<figure class=\"wp-block-image size-large\"><img loading=\"lazy\" decoding=\"async\" width=\"1024\" height=\"718\" data-id=\"139\" src=\"https:\/\/2026sitedev.kimmokaivantofoundation.com\/wp-content\/uploads\/2026\/04\/Luonnontapahtuma-1973\u20131980-maalattu-muovi-ja-heina-30-x-120-x-70-cm.-Kimmo-Kaivanto-saatio.-Kuva-Lasse-Koivunen--1024x718.jpg\" alt=\"\" class=\"wp-image-139\" srcset=\"https:\/\/2026sitedev.kimmokaivantofoundation.com\/wp-content\/uploads\/2026\/04\/Luonnontapahtuma-1973\u20131980-maalattu-muovi-ja-heina-30-x-120-x-70-cm.-Kimmo-Kaivanto-saatio.-Kuva-Lasse-Koivunen--1024x718.jpg 1024w, https:\/\/2026sitedev.kimmokaivantofoundation.com\/wp-content\/uploads\/2026\/04\/Luonnontapahtuma-1973\u20131980-maalattu-muovi-ja-heina-30-x-120-x-70-cm.-Kimmo-Kaivanto-saatio.-Kuva-Lasse-Koivunen--300x210.jpg 300w, https:\/\/2026sitedev.kimmokaivantofoundation.com\/wp-content\/uploads\/2026\/04\/Luonnontapahtuma-1973\u20131980-maalattu-muovi-ja-heina-30-x-120-x-70-cm.-Kimmo-Kaivanto-saatio.-Kuva-Lasse-Koivunen--768x538.jpg 768w, https:\/\/2026sitedev.kimmokaivantofoundation.com\/wp-content\/uploads\/2026\/04\/Luonnontapahtuma-1973\u20131980-maalattu-muovi-ja-heina-30-x-120-x-70-cm.-Kimmo-Kaivanto-saatio.-Kuva-Lasse-Koivunen-.jpg 1050w\" sizes=\"auto, (max-width: 1024px) 100vw, 1024px\" \/><\/figure>\n\n\n\n<figure class=\"wp-block-image size-full\"><img loading=\"lazy\" decoding=\"async\" width=\"763\" height=\"736\" data-id=\"134\" src=\"https:\/\/2026sitedev.kimmokaivantofoundation.com\/wp-content\/uploads\/2026\/04\/Kosketus-1972-plastic-padding-ja-kivi-335-x-30-x-25-cm.-Kimmo-Kaivanto-saatio.-Kuva-Lasse-Koivunen-.jpg\" alt=\"\" class=\"wp-image-134\" srcset=\"https:\/\/2026sitedev.kimmokaivantofoundation.com\/wp-content\/uploads\/2026\/04\/Kosketus-1972-plastic-padding-ja-kivi-335-x-30-x-25-cm.-Kimmo-Kaivanto-saatio.-Kuva-Lasse-Koivunen-.jpg 763w, https:\/\/2026sitedev.kimmokaivantofoundation.com\/wp-content\/uploads\/2026\/04\/Kosketus-1972-plastic-padding-ja-kivi-335-x-30-x-25-cm.-Kimmo-Kaivanto-saatio.-Kuva-Lasse-Koivunen--300x289.jpg 300w\" sizes=\"auto, (max-width: 763px) 100vw, 763px\" \/><\/figure>\n\n\n\n<figure class=\"wp-block-image size-large\"><img loading=\"lazy\" decoding=\"async\" width=\"514\" height=\"730\" data-id=\"125\" src=\"https:\/\/2026sitedev.kimmokaivantofoundation.com\/wp-content\/uploads\/2026\/04\/Ajattelija-1971-pronssi-43-x-51-x-14-cm.-Sara-Hildenin-saatio-Sara-Hildenin-taidemuseo.-Kuva-Jussi-Koivunen-peilikuva.jpg\" alt=\"\" class=\"wp-image-125\" srcset=\"https:\/\/2026sitedev.kimmokaivantofoundation.com\/wp-content\/uploads\/2026\/04\/Ajattelija-1971-pronssi-43-x-51-x-14-cm.-Sara-Hildenin-saatio-Sara-Hildenin-taidemuseo.-Kuva-Jussi-Koivunen-peilikuva.jpg 514w, https:\/\/2026sitedev.kimmokaivantofoundation.com\/wp-content\/uploads\/2026\/04\/Ajattelija-1971-pronssi-43-x-51-x-14-cm.-Sara-Hildenin-saatio-Sara-Hildenin-taidemuseo.-Kuva-Jussi-Koivunen-peilikuva-211x300.jpg 211w\" sizes=\"auto, (max-width: 514px) 100vw, 514px\" \/><\/figure>\n\n\n\n<figure class=\"wp-block-image size-large\"><img loading=\"lazy\" decoding=\"async\" width=\"473\" height=\"736\" data-id=\"126\" src=\"https:\/\/2026sitedev.kimmokaivantofoundation.com\/wp-content\/uploads\/2026\/04\/Isokorva-1971-maalattu-puu-ja-esine-120-x-73-x-12-cm.-Kimmo-Kaivanto-saatio.-Kuva-Jussi-Koivunen-.jpg\" alt=\"\" class=\"wp-image-126\" srcset=\"https:\/\/2026sitedev.kimmokaivantofoundation.com\/wp-content\/uploads\/2026\/04\/Isokorva-1971-maalattu-puu-ja-esine-120-x-73-x-12-cm.-Kimmo-Kaivanto-saatio.-Kuva-Jussi-Koivunen-.jpg 473w, https:\/\/2026sitedev.kimmokaivantofoundation.com\/wp-content\/uploads\/2026\/04\/Isokorva-1971-maalattu-puu-ja-esine-120-x-73-x-12-cm.-Kimmo-Kaivanto-saatio.-Kuva-Jussi-Koivunen--193x300.jpg 193w\" sizes=\"auto, (max-width: 473px) 100vw, 473px\" \/><\/figure>\n\n\n\n<figure class=\"wp-block-image size-full\"><img loading=\"lazy\" decoding=\"async\" width=\"857\" height=\"736\" data-id=\"133\" src=\"https:\/\/2026sitedev.kimmokaivantofoundation.com\/wp-content\/uploads\/2026\/04\/Sininen-ajattelija-Rodin-teema-1971-maalattu-muovi-korkeus-42-cm.-Kimmo-Kaivanto-saatio.-Kuva-Kimmo-Koskela.jpg\" alt=\"\" class=\"wp-image-133\" srcset=\"https:\/\/2026sitedev.kimmokaivantofoundation.com\/wp-content\/uploads\/2026\/04\/Sininen-ajattelija-Rodin-teema-1971-maalattu-muovi-korkeus-42-cm.-Kimmo-Kaivanto-saatio.-Kuva-Kimmo-Koskela.jpg 857w, https:\/\/2026sitedev.kimmokaivantofoundation.com\/wp-content\/uploads\/2026\/04\/Sininen-ajattelija-Rodin-teema-1971-maalattu-muovi-korkeus-42-cm.-Kimmo-Kaivanto-saatio.-Kuva-Kimmo-Koskela-300x258.jpg 300w, https:\/\/2026sitedev.kimmokaivantofoundation.com\/wp-content\/uploads\/2026\/04\/Sininen-ajattelija-Rodin-teema-1971-maalattu-muovi-korkeus-42-cm.-Kimmo-Kaivanto-saatio.-Kuva-Kimmo-Koskela-768x660.jpg 768w\" sizes=\"auto, (max-width: 857px) 100vw, 857px\" \/><\/figure>\n\n\n\n<figure class=\"wp-block-image size-large\"><img loading=\"lazy\" decoding=\"async\" width=\"536\" height=\"736\" data-id=\"127\" src=\"https:\/\/2026sitedev.kimmokaivantofoundation.com\/wp-content\/uploads\/2026\/04\/Patakos-1970-nikkeloity-pronssi-27-x-17-x-13-cm.-Kimmo-Kaivanto-saatio.-Kuva-Kimmo-Koskela.jpg\" alt=\"\" class=\"wp-image-127\" srcset=\"https:\/\/2026sitedev.kimmokaivantofoundation.com\/wp-content\/uploads\/2026\/04\/Patakos-1970-nikkeloity-pronssi-27-x-17-x-13-cm.-Kimmo-Kaivanto-saatio.-Kuva-Kimmo-Koskela.jpg 536w, https:\/\/2026sitedev.kimmokaivantofoundation.com\/wp-content\/uploads\/2026\/04\/Patakos-1970-nikkeloity-pronssi-27-x-17-x-13-cm.-Kimmo-Kaivanto-saatio.-Kuva-Kimmo-Koskela-218x300.jpg 218w\" sizes=\"auto, (max-width: 536px) 100vw, 536px\" \/><\/figure>\n\n\n\n<figure class=\"wp-block-image size-large\"><img loading=\"lazy\" decoding=\"async\" width=\"565\" height=\"736\" data-id=\"128\" src=\"https:\/\/2026sitedev.kimmokaivantofoundation.com\/wp-content\/uploads\/2026\/04\/Paa-1970-plastic-padding-90-x-90-x-28-cm.-Sara-Hildenin-saatio-Sara-Hildenin-taidemuseo.-Kuva-Jussi-Koivunen-.jpg\" alt=\"\" class=\"wp-image-128\" srcset=\"https:\/\/2026sitedev.kimmokaivantofoundation.com\/wp-content\/uploads\/2026\/04\/Paa-1970-plastic-padding-90-x-90-x-28-cm.-Sara-Hildenin-saatio-Sara-Hildenin-taidemuseo.-Kuva-Jussi-Koivunen-.jpg 565w, https:\/\/2026sitedev.kimmokaivantofoundation.com\/wp-content\/uploads\/2026\/04\/Paa-1970-plastic-padding-90-x-90-x-28-cm.-Sara-Hildenin-saatio-Sara-Hildenin-taidemuseo.-Kuva-Jussi-Koivunen--230x300.jpg 230w\" sizes=\"auto, (max-width: 565px) 100vw, 565px\" \/><\/figure>\n\n\n\n<figure class=\"wp-block-image size-full\"><img loading=\"lazy\" decoding=\"async\" width=\"466\" height=\"736\" data-id=\"143\" src=\"https:\/\/2026sitedev.kimmokaivantofoundation.com\/wp-content\/uploads\/2026\/04\/Konstruktio-tuulelle-ja-valolle-1969-teras-korkeus-360-cm.-Sara-Hildenin-saatio-Sara-Hildenin-taidemuseo.-Kuva-Lasse-Koivunen-.jpg\" alt=\"\" class=\"wp-image-143\" srcset=\"https:\/\/2026sitedev.kimmokaivantofoundation.com\/wp-content\/uploads\/2026\/04\/Konstruktio-tuulelle-ja-valolle-1969-teras-korkeus-360-cm.-Sara-Hildenin-saatio-Sara-Hildenin-taidemuseo.-Kuva-Lasse-Koivunen-.jpg 466w, https:\/\/2026sitedev.kimmokaivantofoundation.com\/wp-content\/uploads\/2026\/04\/Konstruktio-tuulelle-ja-valolle-1969-teras-korkeus-360-cm.-Sara-Hildenin-saatio-Sara-Hildenin-taidemuseo.-Kuva-Lasse-Koivunen--190x300.jpg 190w\" sizes=\"auto, (max-width: 466px) 100vw, 466px\" \/><\/figure>\n\n\n\n<figure class=\"wp-block-image size-full\"><img loading=\"lazy\" decoding=\"async\" width=\"429\" height=\"736\" data-id=\"145\" src=\"https:\/\/2026sitedev.kimmokaivantofoundation.com\/wp-content\/uploads\/2026\/04\/Love-out-1969-plastic-padding-ja-peili-85-x-80-x-16-cm.-Sara-Hildenin-saatio-Sara-Hildenin-taidemuseo.-Kuva-Jussi-Koivunen-.jpg\" alt=\"\" class=\"wp-image-145\" srcset=\"https:\/\/2026sitedev.kimmokaivantofoundation.com\/wp-content\/uploads\/2026\/04\/Love-out-1969-plastic-padding-ja-peili-85-x-80-x-16-cm.-Sara-Hildenin-saatio-Sara-Hildenin-taidemuseo.-Kuva-Jussi-Koivunen-.jpg 429w, https:\/\/2026sitedev.kimmokaivantofoundation.com\/wp-content\/uploads\/2026\/04\/Love-out-1969-plastic-padding-ja-peili-85-x-80-x-16-cm.-Sara-Hildenin-saatio-Sara-Hildenin-taidemuseo.-Kuva-Jussi-Koivunen--175x300.jpg 175w\" sizes=\"auto, (max-width: 429px) 100vw, 429px\" \/><\/figure>\n\n\n\n<figure class=\"wp-block-image size-full\"><img loading=\"lazy\" decoding=\"async\" width=\"451\" height=\"736\" data-id=\"136\" src=\"https:\/\/2026sitedev.kimmokaivantofoundation.com\/wp-content\/uploads\/2026\/04\/Laskeutuva-aurinko-1969-maalattu-alumiini-53-x-27-x-16-cm.-Kimmo-Kaivanto-saatio.-Kuva-Lasse-Koivunen-.jpg\" alt=\"\" class=\"wp-image-136\" srcset=\"https:\/\/2026sitedev.kimmokaivantofoundation.com\/wp-content\/uploads\/2026\/04\/Laskeutuva-aurinko-1969-maalattu-alumiini-53-x-27-x-16-cm.-Kimmo-Kaivanto-saatio.-Kuva-Lasse-Koivunen-.jpg 451w, https:\/\/2026sitedev.kimmokaivantofoundation.com\/wp-content\/uploads\/2026\/04\/Laskeutuva-aurinko-1969-maalattu-alumiini-53-x-27-x-16-cm.-Kimmo-Kaivanto-saatio.-Kuva-Lasse-Koivunen--184x300.jpg 184w\" sizes=\"auto, (max-width: 451px) 100vw, 451px\" \/><\/figure>\n\n\n\n<figure class=\"wp-block-image size-full\"><img loading=\"lazy\" decoding=\"async\" width=\"546\" height=\"736\" data-id=\"135\" src=\"https:\/\/2026sitedev.kimmokaivantofoundation.com\/wp-content\/uploads\/2026\/04\/Rauhankyyhky-1969-puu-ja-muovi-63-x-42-x-20-cm.-Kimmo-Kaivanto-saatio.-Kuva-Kimmo-Koskela.jpg\" alt=\"\" class=\"wp-image-135\" srcset=\"https:\/\/2026sitedev.kimmokaivantofoundation.com\/wp-content\/uploads\/2026\/04\/Rauhankyyhky-1969-puu-ja-muovi-63-x-42-x-20-cm.-Kimmo-Kaivanto-saatio.-Kuva-Kimmo-Koskela.jpg 546w, https:\/\/2026sitedev.kimmokaivantofoundation.com\/wp-content\/uploads\/2026\/04\/Rauhankyyhky-1969-puu-ja-muovi-63-x-42-x-20-cm.-Kimmo-Kaivanto-saatio.-Kuva-Kimmo-Koskela-223x300.jpg 223w\" sizes=\"auto, (max-width: 546px) 100vw, 546px\" \/><\/figure>\n\n\n\n<figure class=\"wp-block-image size-full\"><img loading=\"lazy\" decoding=\"async\" width=\"543\" height=\"736\" data-id=\"149\" src=\"https:\/\/2026sitedev.kimmokaivantofoundation.com\/wp-content\/uploads\/2026\/04\/Theodorakis-1969-teras-ja-rauta-korkeus-310-cm.-Sara-Hildenin-saatio-Sara-Hildenin-taidemuseo.-Kuva-Jussi-Koivunen-.jpg\" alt=\"\" class=\"wp-image-149\" srcset=\"https:\/\/2026sitedev.kimmokaivantofoundation.com\/wp-content\/uploads\/2026\/04\/Theodorakis-1969-teras-ja-rauta-korkeus-310-cm.-Sara-Hildenin-saatio-Sara-Hildenin-taidemuseo.-Kuva-Jussi-Koivunen-.jpg 543w, https:\/\/2026sitedev.kimmokaivantofoundation.com\/wp-content\/uploads\/2026\/04\/Theodorakis-1969-teras-ja-rauta-korkeus-310-cm.-Sara-Hildenin-saatio-Sara-Hildenin-taidemuseo.-Kuva-Jussi-Koivunen--221x300.jpg 221w\" sizes=\"auto, (max-width: 543px) 100vw, 543px\" \/><\/figure>\n\n\n\n<figure class=\"wp-block-image size-full\"><img loading=\"lazy\" decoding=\"async\" width=\"623\" height=\"736\" data-id=\"144\" src=\"https:\/\/2026sitedev.kimmokaivantofoundation.com\/wp-content\/uploads\/2026\/04\/Lapset-ovat-pallon-muotoisia-ja-elaimet-1968-maalattu-puu-36-x-225-x-225-cm.-Kimmo-Kaivanto-saatio.-Kuva-Lasse-Koivunen-.jpg\" alt=\"\" class=\"wp-image-144\" srcset=\"https:\/\/2026sitedev.kimmokaivantofoundation.com\/wp-content\/uploads\/2026\/04\/Lapset-ovat-pallon-muotoisia-ja-elaimet-1968-maalattu-puu-36-x-225-x-225-cm.-Kimmo-Kaivanto-saatio.-Kuva-Lasse-Koivunen-.jpg 623w, https:\/\/2026sitedev.kimmokaivantofoundation.com\/wp-content\/uploads\/2026\/04\/Lapset-ovat-pallon-muotoisia-ja-elaimet-1968-maalattu-puu-36-x-225-x-225-cm.-Kimmo-Kaivanto-saatio.-Kuva-Lasse-Koivunen--254x300.jpg 254w\" sizes=\"auto, (max-width: 623px) 100vw, 623px\" \/><\/figure>\n\n\n\n<figure class=\"wp-block-image size-full\"><img loading=\"lazy\" decoding=\"async\" width=\"499\" height=\"736\" data-id=\"140\" src=\"https:\/\/2026sitedev.kimmokaivantofoundation.com\/wp-content\/uploads\/2026\/04\/Globulus-hystericus-1968-maalattu-puu-35-x-25-x-25-cm.-Didrichsenin-taidemuseo.-Kuva-Lasse-Koivunen-.jpg\" alt=\"\" class=\"wp-image-140\" srcset=\"https:\/\/2026sitedev.kimmokaivantofoundation.com\/wp-content\/uploads\/2026\/04\/Globulus-hystericus-1968-maalattu-puu-35-x-25-x-25-cm.-Didrichsenin-taidemuseo.-Kuva-Lasse-Koivunen-.jpg 499w, https:\/\/2026sitedev.kimmokaivantofoundation.com\/wp-content\/uploads\/2026\/04\/Globulus-hystericus-1968-maalattu-puu-35-x-25-x-25-cm.-Didrichsenin-taidemuseo.-Kuva-Lasse-Koivunen--203x300.jpg 203w\" sizes=\"auto, (max-width: 499px) 100vw, 499px\" \/><\/figure>\n\n\n\n<figure class=\"wp-block-image size-full\"><img loading=\"lazy\" decoding=\"async\" width=\"512\" height=\"736\" data-id=\"137\" src=\"https:\/\/2026sitedev.kimmokaivantofoundation.com\/wp-content\/uploads\/2026\/04\/Silea-kuminen-torni-1968-maalattu-puu-korkeus-60-cm.-Kansallisgalleria-Ateneumin-taidemuseo.-Kuva-Lasse-Koivunen-.jpg\" alt=\"\" class=\"wp-image-137\" srcset=\"https:\/\/2026sitedev.kimmokaivantofoundation.com\/wp-content\/uploads\/2026\/04\/Silea-kuminen-torni-1968-maalattu-puu-korkeus-60-cm.-Kansallisgalleria-Ateneumin-taidemuseo.-Kuva-Lasse-Koivunen-.jpg 512w, https:\/\/2026sitedev.kimmokaivantofoundation.com\/wp-content\/uploads\/2026\/04\/Silea-kuminen-torni-1968-maalattu-puu-korkeus-60-cm.-Kansallisgalleria-Ateneumin-taidemuseo.-Kuva-Lasse-Koivunen--209x300.jpg 209w\" sizes=\"auto, (max-width: 512px) 100vw, 512px\" \/><\/figure>\n\n\n\n<figure class=\"wp-block-image size-full\"><img loading=\"lazy\" decoding=\"async\" width=\"820\" height=\"730\" data-id=\"142\" src=\"https:\/\/2026sitedev.kimmokaivantofoundation.com\/wp-content\/uploads\/2026\/04\/Uskonpuhdistaja-1968-maalattu-puu-57-x-57-x-19-cm.-Kimmo-Kaivanto-saatio.-Kuva-Kimmo-Kaivanto-saation-arkisto-.jpg\" alt=\"\" class=\"wp-image-142\" srcset=\"https:\/\/2026sitedev.kimmokaivantofoundation.com\/wp-content\/uploads\/2026\/04\/Uskonpuhdistaja-1968-maalattu-puu-57-x-57-x-19-cm.-Kimmo-Kaivanto-saatio.-Kuva-Kimmo-Kaivanto-saation-arkisto-.jpg 820w, https:\/\/2026sitedev.kimmokaivantofoundation.com\/wp-content\/uploads\/2026\/04\/Uskonpuhdistaja-1968-maalattu-puu-57-x-57-x-19-cm.-Kimmo-Kaivanto-saatio.-Kuva-Kimmo-Kaivanto-saation-arkisto--300x267.jpg 300w, https:\/\/2026sitedev.kimmokaivantofoundation.com\/wp-content\/uploads\/2026\/04\/Uskonpuhdistaja-1968-maalattu-puu-57-x-57-x-19-cm.-Kimmo-Kaivanto-saatio.-Kuva-Kimmo-Kaivanto-saation-arkisto--768x684.jpg 768w\" sizes=\"auto, (max-width: 820px) 100vw, 820px\" \/><\/figure>\n\n\n\n<figure class=\"wp-block-image size-full\"><img loading=\"lazy\" decoding=\"async\" width=\"996\" height=\"736\" data-id=\"146\" src=\"https:\/\/2026sitedev.kimmokaivantofoundation.com\/wp-content\/uploads\/2026\/04\/Tasapaino-1968-esinesommitelma-40-x-59-x-5-cm.-Kimmo-Kaivanto-saatio.-Kuva-Kimmo-Koskela.jpg\" alt=\"\" class=\"wp-image-146\" srcset=\"https:\/\/2026sitedev.kimmokaivantofoundation.com\/wp-content\/uploads\/2026\/04\/Tasapaino-1968-esinesommitelma-40-x-59-x-5-cm.-Kimmo-Kaivanto-saatio.-Kuva-Kimmo-Koskela.jpg 996w, https:\/\/2026sitedev.kimmokaivantofoundation.com\/wp-content\/uploads\/2026\/04\/Tasapaino-1968-esinesommitelma-40-x-59-x-5-cm.-Kimmo-Kaivanto-saatio.-Kuva-Kimmo-Koskela-300x222.jpg 300w, https:\/\/2026sitedev.kimmokaivantofoundation.com\/wp-content\/uploads\/2026\/04\/Tasapaino-1968-esinesommitelma-40-x-59-x-5-cm.-Kimmo-Kaivanto-saatio.-Kuva-Kimmo-Koskela-768x568.jpg 768w\" sizes=\"auto, (max-width: 996px) 100vw, 996px\" \/><\/figure>\n\n\n\n<figure class=\"wp-block-image size-full\"><img loading=\"lazy\" decoding=\"async\" width=\"642\" height=\"736\" data-id=\"141\" src=\"https:\/\/2026sitedev.kimmokaivantofoundation.com\/wp-content\/uploads\/2026\/04\/Maapallo-1967\u20131968-maalattu-kipsi-60-x-40-x-30-cm.-Kansallisgalleria-Ateneumin-taidemuseo.-Kuva-Kansallisgalleria-Kuva_P.Virtanen.jpg\" alt=\"\" class=\"wp-image-141\" srcset=\"https:\/\/2026sitedev.kimmokaivantofoundation.com\/wp-content\/uploads\/2026\/04\/Maapallo-1967\u20131968-maalattu-kipsi-60-x-40-x-30-cm.-Kansallisgalleria-Ateneumin-taidemuseo.-Kuva-Kansallisgalleria-Kuva_P.Virtanen.jpg 642w, https:\/\/2026sitedev.kimmokaivantofoundation.com\/wp-content\/uploads\/2026\/04\/Maapallo-1967\u20131968-maalattu-kipsi-60-x-40-x-30-cm.-Kansallisgalleria-Ateneumin-taidemuseo.-Kuva-Kansallisgalleria-Kuva_P.Virtanen-262x300.jpg 262w\" sizes=\"auto, (max-width: 642px) 100vw, 642px\" \/><figcaption class=\"wp-element-caption\">Kaivanto, Kimmo\rinventaarinro: N-2002-8, kuvaviite: N9461300\rmuseo\/om.: NTM\rnimi: The Globe\rajoitus: 1967-1968\rmitat: 60 x 40 x 30 cm\rp\u00e4\u00e4luokka: veistos\raihe: esine; maapallo\rkuva: Petri Virtanen, Kuvataiteen keskusarkisto, 2002\rFlex\/ PS 6.0.1\rtiedon sy\u00f6tt\u00e4j\u00e4: PMYKKANE\rpvm: 07.10.02<\/figcaption><\/figure>\n\n\n\n<figure class=\"wp-block-image size-full\"><img loading=\"lazy\" decoding=\"async\" width=\"501\" height=\"736\" data-id=\"147\" src=\"https:\/\/2026sitedev.kimmokaivantofoundation.com\/wp-content\/uploads\/2026\/04\/ymyileva-tappaja-1965\u20131968-nikkeloity-pronssi-ja-teras-50-x-30-x-30-cm.-Yksityiskokoelma.-Kuva-Lasse-Koivunen-.jpg\" alt=\"\" class=\"wp-image-147\" srcset=\"https:\/\/2026sitedev.kimmokaivantofoundation.com\/wp-content\/uploads\/2026\/04\/ymyileva-tappaja-1965\u20131968-nikkeloity-pronssi-ja-teras-50-x-30-x-30-cm.-Yksityiskokoelma.-Kuva-Lasse-Koivunen-.jpg 501w, https:\/\/2026sitedev.kimmokaivantofoundation.com\/wp-content\/uploads\/2026\/04\/ymyileva-tappaja-1965\u20131968-nikkeloity-pronssi-ja-teras-50-x-30-x-30-cm.-Yksityiskokoelma.-Kuva-Lasse-Koivunen--204x300.jpg 204w\" sizes=\"auto, (max-width: 501px) 100vw, 501px\" \/><\/figure>\n\n\n\n<figure class=\"wp-block-image size-full\"><img loading=\"lazy\" decoding=\"async\" width=\"616\" height=\"736\" data-id=\"138\" src=\"https:\/\/2026sitedev.kimmokaivantofoundation.com\/wp-content\/uploads\/2026\/04\/Kerettilainen-1964-rauta-puu-ja-tina-37-x-15-x-18-cm.-Sara-Hildenin-saatio-Sara-Hildenin-taidemuseo.-Kuva-Jussi-Koivunen-.jpg\" alt=\"\" class=\"wp-image-138\" srcset=\"https:\/\/2026sitedev.kimmokaivantofoundation.com\/wp-content\/uploads\/2026\/04\/Kerettilainen-1964-rauta-puu-ja-tina-37-x-15-x-18-cm.-Sara-Hildenin-saatio-Sara-Hildenin-taidemuseo.-Kuva-Jussi-Koivunen-.jpg 616w, https:\/\/2026sitedev.kimmokaivantofoundation.com\/wp-content\/uploads\/2026\/04\/Kerettilainen-1964-rauta-puu-ja-tina-37-x-15-x-18-cm.-Sara-Hildenin-saatio-Sara-Hildenin-taidemuseo.-Kuva-Jussi-Koivunen--251x300.jpg 251w\" sizes=\"auto, (max-width: 616px) 100vw, 616px\" \/><\/figure>\n\n\n\n<figure class=\"wp-block-image size-full\"><img loading=\"lazy\" decoding=\"async\" width=\"518\" height=\"736\" data-id=\"148\" src=\"https:\/\/2026sitedev.kimmokaivantofoundation.com\/wp-content\/uploads\/2026\/04\/Kimmo-Kaivanto-veistos-Militaristi1962-Nikkeloity-pronssi-13x25x15cm-Kimmo-Kaivanto-saatio.jpg\" alt=\"\" class=\"wp-image-148\" srcset=\"https:\/\/2026sitedev.kimmokaivantofoundation.com\/wp-content\/uploads\/2026\/04\/Kimmo-Kaivanto-veistos-Militaristi1962-Nikkeloity-pronssi-13x25x15cm-Kimmo-Kaivanto-saatio.jpg 518w, https:\/\/2026sitedev.kimmokaivantofoundation.com\/wp-content\/uploads\/2026\/04\/Kimmo-Kaivanto-veistos-Militaristi1962-Nikkeloity-pronssi-13x25x15cm-Kimmo-Kaivanto-saatio-211x300.jpg 211w\" sizes=\"auto, (max-width: 518px) 100vw, 518px\" \/><\/figure>\n<\/figure>\n","protected":false},"excerpt":{"rendered":"","protected":false},"author":1,"featured_media":0,"parent":0,"menu_order":0,"comment_status":"closed","ping_status":"closed","template":"","meta":{"footnotes":""},"class_list":["post-124","page","type-page","status-publish","hentry"],"_links":{"self":[{"href":"https:\/\/2026sitedev.kimmokaivantofoundation.com\/index.php?rest_route=\/wp\/v2\/pages\/124","targetHints":{"allow":["GET"]}}],"collection":[{"href":"https:\/\/2026sitedev.kimmokaivantofoundation.com\/index.php?rest_route=\/wp\/v2\/pages"}],"about":[{"href":"https:\/\/2026sitedev.kimmokaivantofoundation.com\/index.php?rest_route=\/wp\/v2\/types\/page"}],"author":[{"embeddable":true,"href":"https:\/\/2026sitedev.kimmokaivantofoundation.com\/index.php?rest_route=\/wp\/v2\/users\/1"}],"replies":[{"embeddable":true,"href":"https:\/\/2026sitedev.kimmokaivantofoundation.com\/index.php?rest_route=%2Fwp%2Fv2%2Fcomments&post=124"}],"version-history":[{"count":1,"href":"https:\/\/2026sitedev.kimmokaivantofoundation.com\/index.php?rest_route=\/wp\/v2\/pages\/124\/revisions"}],"predecessor-version":[{"id":150,"href":"https:\/\/2026sitedev.kimmokaivantofoundation.com\/index.php?rest_route=\/wp\/v2\/pages\/124\/revisions\/150"}],"wp:attachment":[{"href":"https:\/\/2026sitedev.kimmokaivantofoundation.com\/index.php?rest_route=%2Fwp%2Fv2%2Fmedia&parent=124"}],"curies":[{"name":"wp","href":"https:\/\/api.w.org\/{rel}","templated":true}]}}