{"id":151,"date":"2026-04-22T11:41:59","date_gmt":"2026-04-22T11:41:59","guid":{"rendered":"https:\/\/2026sitedev.kimmokaivantofoundation.com\/?page_id=151"},"modified":"2026-04-22T11:41:59","modified_gmt":"2026-04-22T11:41:59","slug":"apurahat","status":"publish","type":"page","link":"https:\/\/2026sitedev.kimmokaivantofoundation.com\/?page_id=151","title":{"rendered":"Apurahat"},"content":{"rendered":"\n<p>S\u00e4\u00e4ti\u00f6 jakaa vuosittain nelj\u00e4 (4) apurahaa taiteen tekemiseen, tutkimukseen ja artikkeleiden kirjoittamiseen. T\u00e4n\u00e4 vuonna s\u00e4\u00e4ti\u00f6n apurahahakemuksissa painotetaan kuvataiteita.<\/p>\n\n\n\n<p>Apurahojen kohdennettu teema vuosina 2025\u20132026 on \u201dViiva\u201d. Viiva on kuvataiteen perinteess\u00e4 yksi keskeisimmist\u00e4 elementeist\u00e4. Se liittyy olennaisesti piirt\u00e4miseen, mutta my\u00f6s sommitteluun ja kuvanmuodostukseen taiteen eri ilmaisumuodoissa.<\/p>\n\n\n\n<p>Kimmo Kaivanto (1932\u20132012) tunnettiin monialaisena kuvataiteilijana: taidemaalarina, kuvanveist\u00e4j\u00e4n\u00e4, graafikkona ja piirt\u00e4j\u00e4n\u00e4. Viiva toimi h\u00e4nen piirrostensa perustana, mutta se esiintyi my\u00f6s k\u00e4sitteen\u00e4 h\u00e4nen veistoksissaan. Er\u00e4\u00e4ss\u00e4 h\u00e4nen tunnetuimmista teoskokonaisuuksistaan viiva kulkee Tampere-talon Sinisest\u00e4 suorasta Helsingin rautatieasemalle, jossa se kohtaa Sinisen linjan. Toisaalta Kaivannon teoksissa my\u00f6s horisonttiviiva ja sen katoaminen hallitsivat usein sommittelua.<\/p>\n\n\n\n<p>Viivaa on mahdollista tarkastella esimerkiksi teknisen\u00e4 j\u00e4lken\u00e4, kokemuksena tai filosofisena k\u00e4sitteen\u00e4. Toteutustapa on vapaa, eik\u00e4 sit\u00e4 ole rajattu materiaalin osalta. Apurahan suuruus on p\u00e4\u00e4s\u00e4\u00e4nt\u00f6isesti 2 000 euroa, mutta se voi vaihdella. S\u00e4\u00e4ti\u00f6n hallitus p\u00e4\u00e4tt\u00e4\u00e4 apurahoista hakemusten perusteella.<\/p>\n\n\n\n<p>L\u00e4het\u00e4 hakemuksesi 30.11.2025 menness\u00e4 osoitteeseen apurahat(at)kimmokaivantofoundation.fi. Hakemuksen maksimipituus on yksi sivu (2 500 merkki\u00e4 v\u00e4lily\u00f6nteineen) sek\u00e4 mahdolliset liitteet (korkeintaan kaksi sivua). Sis\u00e4llyt\u00e4 hakemukseen noin 600 merkin tiivistelm\u00e4. S\u00e4\u00e4ti\u00f6n hallitus p\u00e4\u00e4tt\u00e4\u00e4 kauden apurahojen saajat joulukuun loppuun menness\u00e4.<\/p>\n\n\n\n<p>Kaikille hakijoille tiedotetaan valintojen tuloksista hakemuksessa ilmoitettuun s\u00e4hk\u00f6postiosoitteeseen.<\/p>\n\n\n\n<p>Apurahan my\u00f6nt\u00e4j\u00e4ll\u00e4 on oikeus pyyt\u00e4\u00e4 selvitys apurahan k\u00e4yt\u00f6st\u00e4 ja hankkeen toteutumisesta.<\/p>\n","protected":false},"excerpt":{"rendered":"<p>S\u00e4\u00e4ti\u00f6 jakaa vuosittain nelj\u00e4 (4) apurahaa taiteen tekemiseen, tutkimukseen ja artikkeleiden kirjoittamiseen. T\u00e4n\u00e4 vuonna s\u00e4\u00e4ti\u00f6n apurahahakemuksissa painotetaan kuvataiteita. Apurahojen kohdennettu teema vuosina 2025\u20132026 on \u201dViiva\u201d. Viiva on kuvataiteen perinteess\u00e4 yksi keskeisimmist\u00e4 elementeist\u00e4. Se liittyy olennaisesti piirt\u00e4miseen, mutta my\u00f6s sommitteluun ja kuvanmuodostukseen taiteen eri ilmaisumuodoissa. Kimmo Kaivanto (1932\u20132012) tunnettiin monialaisena kuvataiteilijana: taidemaalarina, kuvanveist\u00e4j\u00e4n\u00e4, graafikkona ja piirt\u00e4j\u00e4n\u00e4. [&hellip;]<\/p>\n","protected":false},"author":1,"featured_media":0,"parent":0,"menu_order":0,"comment_status":"closed","ping_status":"closed","template":"","meta":{"footnotes":""},"class_list":["post-151","page","type-page","status-publish","hentry"],"_links":{"self":[{"href":"https:\/\/2026sitedev.kimmokaivantofoundation.com\/index.php?rest_route=\/wp\/v2\/pages\/151","targetHints":{"allow":["GET"]}}],"collection":[{"href":"https:\/\/2026sitedev.kimmokaivantofoundation.com\/index.php?rest_route=\/wp\/v2\/pages"}],"about":[{"href":"https:\/\/2026sitedev.kimmokaivantofoundation.com\/index.php?rest_route=\/wp\/v2\/types\/page"}],"author":[{"embeddable":true,"href":"https:\/\/2026sitedev.kimmokaivantofoundation.com\/index.php?rest_route=\/wp\/v2\/users\/1"}],"replies":[{"embeddable":true,"href":"https:\/\/2026sitedev.kimmokaivantofoundation.com\/index.php?rest_route=%2Fwp%2Fv2%2Fcomments&post=151"}],"version-history":[{"count":1,"href":"https:\/\/2026sitedev.kimmokaivantofoundation.com\/index.php?rest_route=\/wp\/v2\/pages\/151\/revisions"}],"predecessor-version":[{"id":152,"href":"https:\/\/2026sitedev.kimmokaivantofoundation.com\/index.php?rest_route=\/wp\/v2\/pages\/151\/revisions\/152"}],"wp:attachment":[{"href":"https:\/\/2026sitedev.kimmokaivantofoundation.com\/index.php?rest_route=%2Fwp%2Fv2%2Fmedia&parent=151"}],"curies":[{"name":"wp","href":"https:\/\/api.w.org\/{rel}","templated":true}]}}