{"id":153,"date":"2026-04-22T11:48:17","date_gmt":"2026-04-22T11:48:17","guid":{"rendered":"https:\/\/2026sitedev.kimmokaivantofoundation.com\/?page_id=153"},"modified":"2026-04-22T11:48:17","modified_gmt":"2026-04-22T11:48:17","slug":"arkkusaari","status":"publish","type":"page","link":"https:\/\/2026sitedev.kimmokaivantofoundation.com\/?page_id=153","title":{"rendered":"Arkkusaari"},"content":{"rendered":"\n<p>Arkkusaari on Kimmo Kaivannon kes\u00e4ateljeen sijaintipaikka Tarjannevedell\u00e4 noin 100 km Tampereelta pohjoiseen. J\u00e4rvimaisema ja saaren l\u00e4hes koskematon luonto olivat taiteilijalle ehtym\u00e4tt\u00f6mi\u00e4 innoituksen l\u00e4hteit\u00e4.<\/p>\n\n\n\n<p>Kaivanto hankki nelj\u00e4n ja puolen hehtaarin kokoisen saaren 1961. Tuolloin asumattomalle saarelle siirrettiin p\u00e4\u00e4rakennukseksi vanha kaksipirttinen hirsitalo Pohjaslahden Saluss\u00e4rk\u00e4n tuntumasta. Rakennuksen toinen p\u00e4\u00e4ty muokattiin taiteilijan ateljeeksi suurentamalla ikkuna-aukkoja ja poistamalla pirtin v\u00e4likatto. Toisen p\u00e4\u00e4dyn pirtti toimi taiteilijaperheen ruokailu- ja majoitustilana. Saaren muita rakennuksia ovat rannan tuntumassa sijaitsevat hirsirakenteinen savusauna vuodelta 1965 ja venevaja sek\u00e4 p\u00e4\u00e4rakennuksen vieress\u00e4 sijaitseva piharakennus, jossa on muun muassa halkoliiteri, pesutila ja vieraskamari.<\/p>\n\n\n\n<p>Saaren herkk\u00e4 luonto oli taiteilijan erityissuojelussa, mik\u00e4 tarkoitti muun muassa sit\u00e4, ett\u00e4 saarella tuli liikkua vain polkuja pitkin. T\u00e4t\u00e4 perint\u00f6\u00e4 kunnioitetaan yh\u00e4.<\/p>\n\n\n\n<p>Arkkusaari on ollut vuodesta 2013 saakka Kimmo Kaivanto s\u00e4\u00e4ti\u00f6n omistuksessa. S\u00e4\u00e4ti\u00f6 pit\u00e4\u00e4 huolta saaresta ja rakennuksista sek\u00e4 j\u00e4rjest\u00e4\u00e4 saaressa yleis\u00f6vierailuja.<\/p>\n\n\n\n<p>VIERAILU ARKKUSAARESSA<\/p>\n\n\n\n<p>Arkkusaaressa on mahdollista vierailla osallistumalla s\u00e4\u00e4ti\u00f6n kotisivuilla tiedotettaviin ryhm\u00e4vierailuihin. Vierailu on mahdollista my\u00f6s erillisen sopimuksen mukaan hein\u00e4kuun aikana.<\/p>\n\n\n\n<p>Tiedusteluja vierailuista saaressa voi l\u00e4hett\u00e4\u00e4 s\u00e4\u00e4ti\u00f6n asiamiehelle osoitteeseen info@kimmokaivantofoundation.fi<\/p>\n\n\n\n<figure class=\"wp-block-gallery has-nested-images columns-default is-cropped wp-block-gallery-1 is-layout-flex wp-block-gallery-is-layout-flex\">\n<figure class=\"wp-block-image size-large\"><img loading=\"lazy\" decoding=\"async\" width=\"1024\" height=\"650\" data-id=\"154\" src=\"https:\/\/2026sitedev.kimmokaivantofoundation.com\/wp-content\/uploads\/2026\/04\/Arkkusaaressa-1961-1024x650.jpg\" alt=\"\" class=\"wp-image-154\" srcset=\"https:\/\/2026sitedev.kimmokaivantofoundation.com\/wp-content\/uploads\/2026\/04\/Arkkusaaressa-1961-1024x650.jpg 1024w, https:\/\/2026sitedev.kimmokaivantofoundation.com\/wp-content\/uploads\/2026\/04\/Arkkusaaressa-1961-300x190.jpg 300w, https:\/\/2026sitedev.kimmokaivantofoundation.com\/wp-content\/uploads\/2026\/04\/Arkkusaaressa-1961-768x487.jpg 768w, https:\/\/2026sitedev.kimmokaivantofoundation.com\/wp-content\/uploads\/2026\/04\/Arkkusaaressa-1961-1536x974.jpg 1536w, https:\/\/2026sitedev.kimmokaivantofoundation.com\/wp-content\/uploads\/2026\/04\/Arkkusaaressa-1961.jpg 1600w\" sizes=\"auto, (max-width: 1024px) 100vw, 1024px\" \/><figcaption class=\"wp-element-caption\">Arkkusaaressa, 1961<br>Kuva: Kimmo Kaivanto s\u00e4\u00e4ti\u00f6n arkisto<\/figcaption><\/figure>\n\n\n\n<figure class=\"wp-block-image size-large\"><img loading=\"lazy\" decoding=\"async\" width=\"1024\" height=\"682\" data-id=\"156\" src=\"https:\/\/2026sitedev.kimmokaivantofoundation.com\/wp-content\/uploads\/2026\/04\/Veistoksen-Sininen-ajattelija-tyostoa-1970-luku-1024x682.jpg\" alt=\"\" class=\"wp-image-156\" srcset=\"https:\/\/2026sitedev.kimmokaivantofoundation.com\/wp-content\/uploads\/2026\/04\/Veistoksen-Sininen-ajattelija-tyostoa-1970-luku-1024x682.jpg 1024w, https:\/\/2026sitedev.kimmokaivantofoundation.com\/wp-content\/uploads\/2026\/04\/Veistoksen-Sininen-ajattelija-tyostoa-1970-luku-300x200.jpg 300w, https:\/\/2026sitedev.kimmokaivantofoundation.com\/wp-content\/uploads\/2026\/04\/Veistoksen-Sininen-ajattelija-tyostoa-1970-luku-768x511.jpg 768w, https:\/\/2026sitedev.kimmokaivantofoundation.com\/wp-content\/uploads\/2026\/04\/Veistoksen-Sininen-ajattelija-tyostoa-1970-luku-1536x1022.jpg 1536w, https:\/\/2026sitedev.kimmokaivantofoundation.com\/wp-content\/uploads\/2026\/04\/Veistoksen-Sininen-ajattelija-tyostoa-1970-luku.jpg 1600w\" sizes=\"auto, (max-width: 1024px) 100vw, 1024px\" \/><figcaption class=\"wp-element-caption\">Veistoksen Sininen ajattelija ty\u00f6st\u00f6\u00e4, 1970-luku.<br>Kuva: Kimmo Kaivanto s\u00e4\u00e4ti\u00f6n arkisto<\/figcaption><\/figure>\n\n\n\n<figure class=\"wp-block-image size-large\"><img loading=\"lazy\" decoding=\"async\" width=\"1024\" height=\"672\" data-id=\"155\" src=\"https:\/\/2026sitedev.kimmokaivantofoundation.com\/wp-content\/uploads\/2026\/04\/Tarjannevedella-taustalla-Arkkusaari-2004-1024x672.jpg\" alt=\"\" class=\"wp-image-155\" srcset=\"https:\/\/2026sitedev.kimmokaivantofoundation.com\/wp-content\/uploads\/2026\/04\/Tarjannevedella-taustalla-Arkkusaari-2004-1024x672.jpg 1024w, https:\/\/2026sitedev.kimmokaivantofoundation.com\/wp-content\/uploads\/2026\/04\/Tarjannevedella-taustalla-Arkkusaari-2004-300x197.jpg 300w, https:\/\/2026sitedev.kimmokaivantofoundation.com\/wp-content\/uploads\/2026\/04\/Tarjannevedella-taustalla-Arkkusaari-2004-768x504.jpg 768w, https:\/\/2026sitedev.kimmokaivantofoundation.com\/wp-content\/uploads\/2026\/04\/Tarjannevedella-taustalla-Arkkusaari-2004-1536x1008.jpg 1536w, https:\/\/2026sitedev.kimmokaivantofoundation.com\/wp-content\/uploads\/2026\/04\/Tarjannevedella-taustalla-Arkkusaari-2004.jpg 1600w\" sizes=\"auto, (max-width: 1024px) 100vw, 1024px\" \/><figcaption class=\"wp-element-caption\">Tarjannevedell\u00e4, taustalla Arkkusaari, 2004<br>Kuva: Kimmo Kaivanto s\u00e4\u00e4ti\u00f6n arkisto<\/figcaption><\/figure>\n\n\n\n<figure class=\"wp-block-image size-large\"><img loading=\"lazy\" decoding=\"async\" width=\"1024\" height=\"677\" data-id=\"157\" src=\"https:\/\/2026sitedev.kimmokaivantofoundation.com\/wp-content\/uploads\/2026\/04\/Arkkusaari--1024x677.jpg\" alt=\"\" class=\"wp-image-157\" srcset=\"https:\/\/2026sitedev.kimmokaivantofoundation.com\/wp-content\/uploads\/2026\/04\/Arkkusaari--1024x677.jpg 1024w, https:\/\/2026sitedev.kimmokaivantofoundation.com\/wp-content\/uploads\/2026\/04\/Arkkusaari--300x198.jpg 300w, https:\/\/2026sitedev.kimmokaivantofoundation.com\/wp-content\/uploads\/2026\/04\/Arkkusaari--768x508.jpg 768w, https:\/\/2026sitedev.kimmokaivantofoundation.com\/wp-content\/uploads\/2026\/04\/Arkkusaari--1536x1016.jpg 1536w, https:\/\/2026sitedev.kimmokaivantofoundation.com\/wp-content\/uploads\/2026\/04\/Arkkusaari-.jpg 1600w\" sizes=\"auto, (max-width: 1024px) 100vw, 1024px\" \/><figcaption class=\"wp-element-caption\">Arkkusaari<br>Kuva: Kimmo Kaivanto s\u00e4\u00e4ti\u00f6n arkisto<\/figcaption><\/figure>\n<\/figure>\n","protected":false},"excerpt":{"rendered":"<p>Arkkusaari on Kimmo Kaivannon kes\u00e4ateljeen sijaintipaikka Tarjannevedell\u00e4 noin 100 km Tampereelta pohjoiseen. J\u00e4rvimaisema ja saaren l\u00e4hes koskematon luonto olivat taiteilijalle ehtym\u00e4tt\u00f6mi\u00e4 innoituksen l\u00e4hteit\u00e4. Kaivanto hankki nelj\u00e4n ja puolen hehtaarin kokoisen saaren 1961. Tuolloin asumattomalle saarelle siirrettiin p\u00e4\u00e4rakennukseksi vanha kaksipirttinen hirsitalo Pohjaslahden Saluss\u00e4rk\u00e4n tuntumasta. Rakennuksen toinen p\u00e4\u00e4ty muokattiin taiteilijan ateljeeksi suurentamalla ikkuna-aukkoja ja poistamalla pirtin v\u00e4likatto. [&hellip;]<\/p>\n","protected":false},"author":1,"featured_media":0,"parent":0,"menu_order":0,"comment_status":"closed","ping_status":"closed","template":"","meta":{"footnotes":""},"class_list":["post-153","page","type-page","status-publish","hentry"],"_links":{"self":[{"href":"https:\/\/2026sitedev.kimmokaivantofoundation.com\/index.php?rest_route=\/wp\/v2\/pages\/153","targetHints":{"allow":["GET"]}}],"collection":[{"href":"https:\/\/2026sitedev.kimmokaivantofoundation.com\/index.php?rest_route=\/wp\/v2\/pages"}],"about":[{"href":"https:\/\/2026sitedev.kimmokaivantofoundation.com\/index.php?rest_route=\/wp\/v2\/types\/page"}],"author":[{"embeddable":true,"href":"https:\/\/2026sitedev.kimmokaivantofoundation.com\/index.php?rest_route=\/wp\/v2\/users\/1"}],"replies":[{"embeddable":true,"href":"https:\/\/2026sitedev.kimmokaivantofoundation.com\/index.php?rest_route=%2Fwp%2Fv2%2Fcomments&post=153"}],"version-history":[{"count":1,"href":"https:\/\/2026sitedev.kimmokaivantofoundation.com\/index.php?rest_route=\/wp\/v2\/pages\/153\/revisions"}],"predecessor-version":[{"id":158,"href":"https:\/\/2026sitedev.kimmokaivantofoundation.com\/index.php?rest_route=\/wp\/v2\/pages\/153\/revisions\/158"}],"wp:attachment":[{"href":"https:\/\/2026sitedev.kimmokaivantofoundation.com\/index.php?rest_route=%2Fwp%2Fv2%2Fmedia&parent=153"}],"curies":[{"name":"wp","href":"https:\/\/api.w.org\/{rel}","templated":true}]}}