{"id":159,"date":"2026-04-22T11:49:02","date_gmt":"2026-04-22T11:49:02","guid":{"rendered":"https:\/\/2026sitedev.kimmokaivantofoundation.com\/?page_id=159"},"modified":"2026-04-22T11:49:02","modified_gmt":"2026-04-22T11:49:02","slug":"ajankohtaista","status":"publish","type":"page","link":"https:\/\/2026sitedev.kimmokaivantofoundation.com\/?page_id=159","title":{"rendered":"Ajankohtaista"},"content":{"rendered":"\n<p>16.12.2025<\/p>\n\n\n\n<p>P\u00e4\u00e4t\u00f6s syksyn 2025 apurahojen saajista on valmistunut. Hakemuksia saapui yhteens\u00e4 107 kappaletta. S\u00e4\u00e4ti\u00f6 my\u00f6nsi apurahan seuraaville henkil\u00f6ille: Marjatta Holma, Tuomo Rosenlund, Soili Talja ja Antti Tanttu. Kimmo Kaivanto s\u00e4\u00e4ti\u00f6 onnittelee apurahansaajia ja kiitt\u00e4\u00e4 kaikkia hakukierrokselle osallistuneita.<\/p>\n\n\n\n<p>30.10.2025<\/p>\n\n\n\n<p>Kimmo Kaivanto s\u00e4\u00e4ti\u00f6 my\u00f6nt\u00e4\u00e4 apurahoja syksyll\u00e4 2025. Lis\u00e4\u00e4 tietoa&nbsp;<a href=\"https:\/\/www.kimmokaivantofoundation.fi\/apurahat.html\">Apurahat-sivulla.<\/a><\/p>\n\n\n\n<p>16.12.2024<\/p>\n\n\n\n<p>P\u00e4\u00e4t\u00f6s syksyn 2024 apurahojen saajista on valmistunut. Hakemuksia saapui yhteens\u00e4 97 kappaletta. S\u00e4\u00e4ti\u00f6 my\u00f6nsi apurahan seuraaville henkil\u00f6ille: Jukka Korkeila, Riikka Lenkkeri, Johanna Saikkonen ja Sauli Tvaltvadze. Kimmo Kaivanto s\u00e4\u00e4ti\u00f6 onnittelee apurahansaajia ja kiitt\u00e4\u00e4 kaikkia hakukierrokselle osallistuneita.<\/p>\n\n\n\n<p>10.2.2024<\/p>\n\n\n\n<p>Kimmo Kaivannon (1932\u20132012) teoksia n\u00e4hd\u00e4\u00e4n yhdess\u00e4 Akseli Gallen-Kallelan (1865\u20131931) taiteen rinnalla Gallen-Kallela Museon Rinnastuksia-n\u00e4yttelyss\u00e4 10.2.2024\u201326.5.2024. Tarvasp\u00e4\u00e4n n\u00e4yttelyss\u00e4 pohditaan esseenomaisesti Kaivannon ja Gallen-Kallelan taiteen kosketuskohtia: luontosuhdetta, temaattisia siirtymi\u00e4 ilmaisukeinosta toiseen sek\u00e4 innostavia kokeiluja uusien muotojen ja materiaalien parissa. N\u00e4yttely on toteutettu yhteisty\u00f6ss\u00e4 Kimmo Kaivanto s\u00e4\u00e4ti\u00f6n kanssa. N\u00e4yttelyn kuraattorina toimii filosofian tohtori Kimmo Sarje.<br><br>Kimmo Kaivannon teokset osallistuvat Lapuan taidemuseon Horisontti-ryhm\u00e4n\u00e4yttelyyn. Veikko Halmetojan kuratoima n\u00e4yttely on esill\u00e4 10.2.\u201325.5.2024.<\/p>\n\n\n\n<p>19.12.2023<\/p>\n\n\n\n<p>P\u00e4\u00e4t\u00f6s syksyn 2023 apurahojen saajista on valmistunut. Hakemuksia saapui yhteens\u00e4 100 kappaletta. S\u00e4\u00e4ti\u00f6 my\u00f6nsi apurahan seuraaville henkil\u00f6ille: Jenni Ypp\u00e4ril\u00e4, Timo Partanen, Niklas Ingelius ja Sami Funke. Kimmo Kaivanto s\u00e4\u00e4ti\u00f6 onnittelee apurahansaajia ja kiitt\u00e4\u00e4 kaikkia hakukierrokselle osallistuneita.<\/p>\n\n\n\n<p>27.10.2023<\/p>\n\n\n\n<p>Kimmo Kaivanto s\u00e4\u00e4ti\u00f6 my\u00f6nt\u00e4\u00e4 apurahoja syksyll\u00e4 2023. Lis\u00e4\u00e4 tietoa&nbsp;<a href=\"https:\/\/www.kimmokaivantofoundation.fi\/apurahat.html\">Apurahat-sivulla.<\/a><\/p>\n\n\n\n<p>14.12.2022<\/p>\n\n\n\n<p>P\u00e4\u00e4t\u00f6s syksyn 2022 apurahojen saajista on valmistunut. Hakemuksia saapui yhteens\u00e4 78 kappaletta. S\u00e4\u00e4ti\u00f6 my\u00f6nsi apurahan seuraaville henkil\u00f6ille: Henri Airo, Jaakko Autio, JP Kaljonen, Liisa Louhela sek\u00e4 ty\u00f6parille Erika Koivisto ja Deria Kurkan. Kimmo Kaivanto s\u00e4\u00e4ti\u00f6 onnittelee apurahansaajia ja kiitt\u00e4\u00e4 kaikkia hakukierrokselle osallistuneita.<\/p>\n\n\n\n<p>31.10.2022<\/p>\n\n\n\n<p>Kimmo Kaivanto s\u00e4\u00e4ti\u00f6 my\u00f6nt\u00e4\u00e4 apurahoja syksyll\u00e4 2022. Lis\u00e4\u00e4 tietoa&nbsp;<a href=\"https:\/\/www.kimmokaivantofoundation.fi\/apurahat.html\">Apurahat-sivulla.<\/a><\/p>\n\n\n\n<p>17.9.2022<\/p>\n\n\n\n<p>Kimmo Kaivannon yhteiskunnallisesti kantaaottavia teoksia n\u00e4hd\u00e4\u00e4n Kimmo Pyykk\u00f6 -taidemuseon n\u00e4yttelyss\u00e4 17.9.2022\u20131.8.2023. Kimmo Kaivannon taiteessa yhteiskunnallinen kysymyksenasettelu, kyseenalaistaminen ja poliittiset kannanotot tulivat keskeiseksi 1960-luvun lopulla. N\u00e4yttelyn yhteydess\u00e4 julkaistaan my\u00f6s kirja Kaivannon taiteesta.<\/p>\n\n\n\n<p>5.4.2022<\/p>\n\n\n\n<p>Kimmo Kaivannon&nbsp;<em>Kun meri kuolee II<\/em>&nbsp;-teos vuodelta 1973 on esill\u00e4&nbsp;Ars22-n\u00e4yttelyss\u00e4 Kiasmassa. Ensimm\u00e4ist\u00e4 kertaa Ars-n\u00e4yttelyyn valittiin mukaan&nbsp;avainteoksia eri vuosikymmenilt\u00e4. Aikaisempien vuosikymmenten teokset&nbsp;luovat historiallisen taustan ajankohtaisille aiheille, kuten ekologiselle ja yhteiskunnalliselle ajattelulle. N\u00e4yttely on avoinna 16.10.2022 saakka.<\/p>\n\n\n\n<p>31.12.2021<\/p>\n\n\n\n<p>P\u00e4\u00e4t\u00f6s syksyn 2021 apurahojen saajista on valmistunut. Hakemuksia saapui yhteens\u00e4 63 kappaletta. Apurahan saavat Taija Goldblatt, Lilli Haapala, Silvia Hosseini, Tuuli Malla ja Jokidialogeja-ty\u00f6ryhm\u00e4 sek\u00e4 Juha Valkeap\u00e4\u00e4 ja Vesikonsertti-ty\u00f6ryhm\u00e4. Kimmo Kaivanto s\u00e4\u00e4ti\u00f6 onnittelee apurahojen saajia ja kiitt\u00e4\u00e4 kaikkia hakukierrokselle osallistuneita.<\/p>\n\n\n\n<p>1.12.2021<\/p>\n\n\n\n<p>Syksyn apurahojen hakuaika on p\u00e4\u00e4ttynyt. Kiit\u00e4mme kaikkia hakijoita kiinnostuksesta. Apurahojen saajat valitaan joulukuun aikana ja ilmoitamme tuloksista kaikille hakijoille p\u00e4\u00e4t\u00f6ksen valmistuttua.<\/p>\n\n\n\n<p>27.10.2021<\/p>\n\n\n\n<p>Kimmo Kaivanto s\u00e4\u00e4ti\u00f6 my\u00f6nt\u00e4\u00e4 apurahoja syksyll\u00e4 2021. Lis\u00e4\u00e4 tietoa&nbsp;<a href=\"https:\/\/kimmokaivantofoundation.fi\/apurahat.html\">Apurahat-sivulla<\/a>.<\/p>\n\n\n\n<p>1.6.2021<\/p>\n\n\n\n<p>Kimmo Kaivanto s\u00e4\u00e4ti\u00f6n kanssa yhteisty\u00f6ss\u00e4 toteutettu Sininen planeetta -n\u00e4yttely Taide- ja museokeskus Sinkassa on avoinna yleis\u00f6lle ilman ennakkovarausta. N\u00e4yttelyn j\u00e4rjest\u00e4j\u00e4 kiinnitt\u00e4\u00e4 erityist\u00e4 huomiota asiakasturvallisuuteen ja asiakasm\u00e4\u00e4r\u00e4\u00e4 rajoitetaan tarvittaessa. Ajankohtaiset aukiolotiedot saatavissa Sinkan&nbsp;<a href=\"http:\/\/www.sinkka.fi\/\">verkkosivuilta<\/a>.<\/p>\n\n\n\n<p>3.2.2021<\/p>\n\n\n\n<p>Keravan taidemuseon uusi Sininen planeetta -n\u00e4yttely pysyy koronavirustilanteen vuoksi toistaiseksi yleis\u00f6lt\u00e4 suljettuna. N\u00e4yttelyjulkaisu on ladattavissa&nbsp;<a href=\"https:\/\/kimmokaivantofoundation.fi\/ewExternalFiles\/Sininen_planeetta_Sinkka_saavutettava.pdf\">t\u00e4st\u00e4<\/a>.<\/p>\n\n\n\n<p>26.1.2021<\/p>\n\n\n\n<p>Kimmo Kaivanto s\u00e4\u00e4ti\u00f6 on mukana j\u00e4rjest\u00e4m\u00e4ss\u00e4 Keravan taidemuseossa 3.2.2021 avautuvaa Sininen planeetta -n\u00e4yttely\u00e4. N\u00e4yttelyn kuraattorina toimii s\u00e4\u00e4ti\u00f6n hallituksen j\u00e4sen Veikko Halmetoja. Lis\u00e4\u00e4 avautuvasta n\u00e4yttelyst\u00e4: http:\/\/www.sinkka.fi\/nayttely\/sininen-planeetta\/<\/p>\n\n\n\n<p>30.10.2020<\/p>\n\n\n\n<p>P\u00e4\u00e4t\u00f6s syksyn 2020 apurahojen saajista on valmistunut. Hakemuksia saapui yhteens\u00e4 viisikymment\u00e4 kappaletta. Apurahan saavat taiteilijat Titta Aaltonen, Kaisa Illukka, Joel Karppanen, Arto Lappi ja Lasse Lecklin. Kimmo Kaivanto s\u00e4\u00e4ti\u00f6 kiitt\u00e4\u00e4 kiinnostuksesta kaikkia hakukierrokselle osallistuneita.<\/p>\n\n\n\n<p>1.10.2020<\/p>\n\n\n\n<p>Syksyn apurahojen hakuaika on p\u00e4\u00e4ttynyt. Kiit\u00e4mme kaikkia hakijoita kiinnostuksesta. Apurahojen saajat valitaan lokakuun aikana ja ilmoitamme kaikille hakijoille mahdollisimman pian p\u00e4\u00e4t\u00f6ksen valmistuttua.<\/p>\n\n\n\n<p>15.6.2020<\/p>\n\n\n\n<p>Kimmo Kaivanto s\u00e4\u00e4ti\u00f6 my\u00f6nt\u00e4\u00e4 apurahoja syksyll\u00e4 2020. Lis\u00e4\u00e4 tietoa&nbsp;<a href=\"https:\/\/kimmokaivantofoundation.fi\/apurahat.html\">Apurahat-sivulla<\/a>.<\/p>\n","protected":false},"excerpt":{"rendered":"<p>16.12.2025 P\u00e4\u00e4t\u00f6s syksyn 2025 apurahojen saajista on valmistunut. Hakemuksia saapui yhteens\u00e4 107 kappaletta. S\u00e4\u00e4ti\u00f6 my\u00f6nsi apurahan seuraaville henkil\u00f6ille: Marjatta Holma, Tuomo Rosenlund, Soili Talja ja Antti Tanttu. Kimmo Kaivanto s\u00e4\u00e4ti\u00f6 onnittelee apurahansaajia ja kiitt\u00e4\u00e4 kaikkia hakukierrokselle osallistuneita. 30.10.2025 Kimmo Kaivanto s\u00e4\u00e4ti\u00f6 my\u00f6nt\u00e4\u00e4 apurahoja syksyll\u00e4 2025. Lis\u00e4\u00e4 tietoa&nbsp;Apurahat-sivulla. 16.12.2024 P\u00e4\u00e4t\u00f6s syksyn 2024 apurahojen saajista on valmistunut. [&hellip;]<\/p>\n","protected":false},"author":1,"featured_media":0,"parent":0,"menu_order":0,"comment_status":"closed","ping_status":"closed","template":"","meta":{"footnotes":""},"class_list":["post-159","page","type-page","status-publish","hentry"],"_links":{"self":[{"href":"https:\/\/2026sitedev.kimmokaivantofoundation.com\/index.php?rest_route=\/wp\/v2\/pages\/159","targetHints":{"allow":["GET"]}}],"collection":[{"href":"https:\/\/2026sitedev.kimmokaivantofoundation.com\/index.php?rest_route=\/wp\/v2\/pages"}],"about":[{"href":"https:\/\/2026sitedev.kimmokaivantofoundation.com\/index.php?rest_route=\/wp\/v2\/types\/page"}],"author":[{"embeddable":true,"href":"https:\/\/2026sitedev.kimmokaivantofoundation.com\/index.php?rest_route=\/wp\/v2\/users\/1"}],"replies":[{"embeddable":true,"href":"https:\/\/2026sitedev.kimmokaivantofoundation.com\/index.php?rest_route=%2Fwp%2Fv2%2Fcomments&post=159"}],"version-history":[{"count":1,"href":"https:\/\/2026sitedev.kimmokaivantofoundation.com\/index.php?rest_route=\/wp\/v2\/pages\/159\/revisions"}],"predecessor-version":[{"id":160,"href":"https:\/\/2026sitedev.kimmokaivantofoundation.com\/index.php?rest_route=\/wp\/v2\/pages\/159\/revisions\/160"}],"wp:attachment":[{"href":"https:\/\/2026sitedev.kimmokaivantofoundation.com\/index.php?rest_route=%2Fwp%2Fv2%2Fmedia&parent=159"}],"curies":[{"name":"wp","href":"https:\/\/api.w.org\/{rel}","templated":true}]}}