{"id":2,"date":"2026-04-22T10:51:08","date_gmt":"2026-04-22T10:51:08","guid":{"rendered":"https:\/\/2026sitedev.kimmokaivantofoundation.com\/?page_id=2"},"modified":"2026-04-22T10:57:39","modified_gmt":"2026-04-22T10:57:39","slug":"sample-page","status":"publish","type":"page","link":"https:\/\/2026sitedev.kimmokaivantofoundation.com\/?page_id=2","title":{"rendered":"KIMMO\u00a0KAIVANTO\u00a0S\u00c4\u00c4TI\u00d6"},"content":{"rendered":"\n<p>Kimmo Kaivanto (1932\u20132012) oli yksi sukupolvensa merkitt\u00e4vimpi\u00e4 suomalaisia kuvataiteilijoita.<\/p>\n\n\n\n<p>S\u00e4\u00e4ti\u00f6n tarkoituksena on edist\u00e4\u00e4 kuvataiteilija Kimmo Kaivannon taiteellisen el\u00e4m\u00e4nty\u00f6n tuntemusta ja tukea siihen kohdistuvaa tutkimusta sek\u00e4 yleisesti edist\u00e4\u00e4 Suomen kuvataidekulttuuria. S\u00e4\u00e4ti\u00f6 perustettiin vuonna 2013.<\/p>\n\n\n\n<p>S\u00e4\u00e4ti\u00f6n perusp\u00e4\u00e4oman muodostaa kokoelma Kimmo Kaivannon maalauksia, grafiikkaa ja veistoksia. Lis\u00e4ksi s\u00e4\u00e4ti\u00f6 omistaa taiteilijan luonnokset, valokuvat, taiteellista toimintaa koskevan arkiston sek\u00e4 h\u00e4nen kes\u00e4ateljeensa Arkkusaaressa Tarjannevedell\u00e4.<\/p>\n\n\n\n<p><\/p>\n\n\n\n<p><strong>Kimmo Kaivanto s\u00e4\u00e4ti\u00f6n hallitus<\/strong><\/p>\n\n\n\n<div class=\"wp-block-group has-global-padding is-layout-constrained wp-block-group-is-layout-constrained\">\n<article class=\"wp-block-group is-vertical is-layout-flex wp-container-core-group-is-layout-fe9cc265 wp-block-group-is-layout-flex\">\n<p>Kuraattori Veikko Halmetoja, puheenjohtaja<\/p>\n\n\n\n<p>Arkkitehti Sari Roiha<\/p>\n\n\n\n<p>Intendentti Anu Utriainen<\/p>\n<\/article>\n<\/div>\n\n\n\n<p>__________________________<\/p>\n\n\n\n<p>FM Lauri Eriksson, toiminnanjohtaja<\/p>\n","protected":false},"excerpt":{"rendered":"<p>Kimmo Kaivanto (1932\u20132012) oli yksi sukupolvensa merkitt\u00e4vimpi\u00e4 suomalaisia kuvataiteilijoita. S\u00e4\u00e4ti\u00f6n tarkoituksena on edist\u00e4\u00e4 kuvataiteilija Kimmo Kaivannon taiteellisen el\u00e4m\u00e4nty\u00f6n tuntemusta ja tukea siihen kohdistuvaa tutkimusta sek\u00e4 yleisesti edist\u00e4\u00e4 Suomen kuvataidekulttuuria. S\u00e4\u00e4ti\u00f6 perustettiin vuonna 2013. S\u00e4\u00e4ti\u00f6n perusp\u00e4\u00e4oman muodostaa kokoelma Kimmo Kaivannon maalauksia, grafiikkaa ja veistoksia. Lis\u00e4ksi s\u00e4\u00e4ti\u00f6 omistaa taiteilijan luonnokset, valokuvat, taiteellista toimintaa koskevan arkiston sek\u00e4 h\u00e4nen [&hellip;]<\/p>\n","protected":false},"author":1,"featured_media":0,"parent":0,"menu_order":0,"comment_status":"closed","ping_status":"open","template":"","meta":{"footnotes":""},"class_list":["post-2","page","type-page","status-publish","hentry"],"_links":{"self":[{"href":"https:\/\/2026sitedev.kimmokaivantofoundation.com\/index.php?rest_route=\/wp\/v2\/pages\/2","targetHints":{"allow":["GET"]}}],"collection":[{"href":"https:\/\/2026sitedev.kimmokaivantofoundation.com\/index.php?rest_route=\/wp\/v2\/pages"}],"about":[{"href":"https:\/\/2026sitedev.kimmokaivantofoundation.com\/index.php?rest_route=\/wp\/v2\/types\/page"}],"author":[{"embeddable":true,"href":"https:\/\/2026sitedev.kimmokaivantofoundation.com\/index.php?rest_route=\/wp\/v2\/users\/1"}],"replies":[{"embeddable":true,"href":"https:\/\/2026sitedev.kimmokaivantofoundation.com\/index.php?rest_route=%2Fwp%2Fv2%2Fcomments&post=2"}],"version-history":[{"count":2,"href":"https:\/\/2026sitedev.kimmokaivantofoundation.com\/index.php?rest_route=\/wp\/v2\/pages\/2\/revisions"}],"predecessor-version":[{"id":9,"href":"https:\/\/2026sitedev.kimmokaivantofoundation.com\/index.php?rest_route=\/wp\/v2\/pages\/2\/revisions\/9"}],"wp:attachment":[{"href":"https:\/\/2026sitedev.kimmokaivantofoundation.com\/index.php?rest_route=%2Fwp%2Fv2%2Fmedia&parent=2"}],"curies":[{"name":"wp","href":"https:\/\/api.w.org\/{rel}","templated":true}]}}